{"id":416,"date":"2020-08-26T04:22:55","date_gmt":"2020-08-26T04:22:55","guid":{"rendered":"http:\/\/source.wpopal.com\/poco\/?page_id=416"},"modified":"2026-02-28T03:07:07","modified_gmt":"2026-02-28T02:07:07","slug":"home-1","status":"publish","type":"page","link":"https:\/\/new-eschillhadas.eschillhadas.es\/en\/","title":{"rendered":"Home 1"},"content":{"rendered":"<div data-elementor-type=\"wp-page\" data-elementor-id=\"416\" class=\"elementor elementor-416\" data-elementor-post-type=\"page\">\n\t\t\t\t\t\t<div class=\"elementor-section elementor-top-section elementor-element elementor-element-09a9b55 elementor-section-height-min-height elementor-section-stretched elementor-section-content-middle elementor-section-boxed elementor-section-height-default elementor-section-items-middle\" data-id=\"09a9b55\" data-element_type=\"section\" data-e-type=\"section\" data-settings=\"{&quot;stretch_section&quot;:&quot;section-stretched&quot;,&quot;background_background&quot;:&quot;classic&quot;}\">\n\t\t\t\t\t\t\t<div class=\"elementor-background-overlay\"><\/div>\n\t\t\t\t\t\t\t<div class=\"elementor-container elementor-column-gap-no\">\n\t\t\t\t\t<div class=\"elementor-column elementor-col-50 elementor-top-column elementor-element elementor-element-75c185e\" data-id=\"75c185e\" data-element_type=\"column\" data-e-type=\"column\">\n\t\t\t<div class=\"elementor-widget-wrap elementor-element-populated\">\n\t\t\t\t\t\t<div class=\"elementor-element elementor-element-268e9b8 animated-fast elementor-invisible elementor-widget elementor-widget-heading\" data-id=\"268e9b8\" data-element_type=\"widget\" data-e-type=\"widget\" data-settings=\"{&quot;_animation&quot;:&quot;opal-move-up&quot;}\" data-widget_type=\"heading.default\">\n\t\t\t\t\t<h2 class=\"elementor-heading-title elementor-size-default\">The best authentic Mexican chilies and the finest vegetables, from our own fields in <span style=\"color:#ffcc00\">Cartagena<\/span><\/h2>\t\t\t\t<\/div>\n\t\t\t\t<div class=\"elementor-element elementor-element-d61946d animated-fast elementor-invisible elementor-widget elementor-widget-heading\" data-id=\"d61946d\" data-element_type=\"widget\" data-e-type=\"widget\" data-settings=\"{&quot;_animation&quot;:&quot;opal-move-up&quot;}\" data-widget_type=\"heading.default\">\n\t\t\t\t\t<h4 class=\"elementor-heading-title elementor-size-default\"><span style=\"color:#006847\">Mexico is not only beautiful to the eye<\/span> <br><span style=\"color:#FFFFFF\">but an <\/span><br><span style=\"color:#CE1126\">authentic festival for the palate <\/span>\n\n<\/h4>\t\t\t\t<\/div>\n\t\t\t\t<div class=\"elementor-element elementor-element-33cf7f0 elementor-widget__width-auto elementor-widget-tablet__width-inherit elementor-mobile-align-center animated-fast elementor-invisible elementor-widget elementor-widget-button\" data-id=\"33cf7f0\" data-element_type=\"widget\" data-e-type=\"widget\" data-settings=\"{&quot;_animation&quot;:&quot;opal-move-up&quot;}\" data-widget_type=\"button.default\">\n\t\t\t\t\t\t\t\t\t\t<a class=\"elementor-button elementor-button-link elementor-size-md\" href=\"\/en\/page\/menu-restaurant\/\">\n\t\t\t\t\t\t<span class=\"elementor-button-content-wrapper\">\n\t\t\t\t\t\t\t\t\t<span class=\"elementor-button-text\">Order now<\/span>\n\t\t\t\t\t<\/span>\n\t\t\t\t\t<\/a>\n\t\t\t\t\t\t\t\t<\/div>\n\t\t\t\t\t<\/div>\n\t\t<\/div>\n\t\t\t\t<div class=\"elementor-column elementor-col-50 elementor-top-column elementor-element elementor-element-72a8ae8\" data-id=\"72a8ae8\" data-element_type=\"column\" data-e-type=\"column\">\n\t\t\t<div class=\"elementor-widget-wrap elementor-element-populated\">\n\t\t\t\t\t\t<div class=\"elementor-element elementor-element-f6b15a7 elementor-invisible elementor-widget elementor-widget-image\" data-id=\"f6b15a7\" data-element_type=\"widget\" data-e-type=\"widget\" data-settings=\"{&quot;_animation&quot;:&quot;rubberBand&quot;}\" data-widget_type=\"image.default\">\n\t\t\t\t\t\t\t\t\t\t\t\t\t\t\t<img fetchpriority=\"high\" decoding=\"async\" width=\"2560\" height=\"2560\" src=\"https:\/\/new-eschillhadas.eschillhadas.es\/wp-content\/uploads\/2026\/02\/mexican-food-background-guacamole-salsa-cheesy-2026-01-06-09-21-37-utc-scaled.jpg\" class=\"attachment-full size-full wp-image-6550\" alt=\"\" srcset=\"https:\/\/new-eschillhadas.eschillhadas.es\/wp-content\/uploads\/2026\/02\/mexican-food-background-guacamole-salsa-cheesy-2026-01-06-09-21-37-utc-scaled.jpg 2560w, https:\/\/new-eschillhadas.eschillhadas.es\/wp-content\/uploads\/2026\/02\/mexican-food-background-guacamole-salsa-cheesy-2026-01-06-09-21-37-utc-scaled-450x450.jpg 450w, https:\/\/new-eschillhadas.eschillhadas.es\/wp-content\/uploads\/2026\/02\/mexican-food-background-guacamole-salsa-cheesy-2026-01-06-09-21-37-utc-100x100.jpg 100w, https:\/\/new-eschillhadas.eschillhadas.es\/wp-content\/uploads\/2026\/02\/mexican-food-background-guacamole-salsa-cheesy-2026-01-06-09-21-37-utc-scaled-800x800.jpg 800w, https:\/\/new-eschillhadas.eschillhadas.es\/wp-content\/uploads\/2026\/02\/mexican-food-background-guacamole-salsa-cheesy-2026-01-06-09-21-37-utc-300x300.jpg 300w, https:\/\/new-eschillhadas.eschillhadas.es\/wp-content\/uploads\/2026\/02\/mexican-food-background-guacamole-salsa-cheesy-2026-01-06-09-21-37-utc-1024x1024.jpg 1024w, https:\/\/new-eschillhadas.eschillhadas.es\/wp-content\/uploads\/2026\/02\/mexican-food-background-guacamole-salsa-cheesy-2026-01-06-09-21-37-utc-150x150.jpg 150w, https:\/\/new-eschillhadas.eschillhadas.es\/wp-content\/uploads\/2026\/02\/mexican-food-background-guacamole-salsa-cheesy-2026-01-06-09-21-37-utc-768x768.jpg 768w, https:\/\/new-eschillhadas.eschillhadas.es\/wp-content\/uploads\/2026\/02\/mexican-food-background-guacamole-salsa-cheesy-2026-01-06-09-21-37-utc-1536x1536.jpg 1536w, https:\/\/new-eschillhadas.eschillhadas.es\/wp-content\/uploads\/2026\/02\/mexican-food-background-guacamole-salsa-cheesy-2026-01-06-09-21-37-utc-2048x2048.jpg 2048w, https:\/\/new-eschillhadas.eschillhadas.es\/wp-content\/uploads\/2026\/02\/mexican-food-background-guacamole-salsa-cheesy-2026-01-06-09-21-37-utc-400x400.jpg 400w, https:\/\/new-eschillhadas.eschillhadas.es\/wp-content\/uploads\/2026\/02\/mexican-food-background-guacamole-salsa-cheesy-2026-01-06-09-21-37-utc-50x50.jpg 50w\" sizes=\"(max-width: 2560px) 100vw, 2560px\" \/>\t\t\t\t\t\t\t\t\t\t\t\t\t\t\t<\/div>\n\t\t\t\t\t<\/div>\n\t\t<\/div>\n\t\t\t\t\t<\/div>\n\t\t<\/div>\n\t\t\t\t<div class=\"elementor-section elementor-top-section elementor-element elementor-element-c7aafad elementor-section-stretched elementor-section-boxed elementor-section-height-default elementor-section-height-default\" data-id=\"c7aafad\" data-element_type=\"section\" data-e-type=\"section\" data-settings=\"{&quot;stretch_section&quot;:&quot;section-stretched&quot;}\">\n\t\t\t\t\t\t<div class=\"elementor-container elementor-column-gap-no\">\n\t\t\t\t\t<div class=\"elementor-column elementor-col-100 elementor-top-column elementor-element elementor-element-493353b\" data-id=\"493353b\" data-element_type=\"column\" data-e-type=\"column\">\n\t\t\t<div class=\"elementor-widget-wrap elementor-element-populated\">\n\t\t\t\t\t\t<div class=\"elementor-element elementor-element-0a07289 elementor-align-center elementor-widget elementor-widget-button\" data-id=\"0a07289\" data-element_type=\"widget\" data-e-type=\"widget\" data-widget_type=\"button.default\">\n\t\t\t\t\t\t\t\t\t\t<a class=\"elementor-button elementor-button-link elementor-size-sm\" href=\"\/en\/page\/menu-restaurant\/\">\n\t\t\t\t\t\t<span class=\"elementor-button-content-wrapper\">\n\t\t\t\t\t\t\t\t\t<span class=\"elementor-button-text\">Menus<\/span>\n\t\t\t\t\t<\/span>\n\t\t\t\t\t<\/a>\n\t\t\t\t\t\t\t\t<\/div>\n\t\t\t\t\t<\/div>\n\t\t<\/div>\n\t\t\t\t\t<\/div>\n\t\t<\/div>\n\t\t\t\t<div class=\"elementor-section elementor-top-section elementor-element elementor-element-2bcf1c2 elementor-section-stretched elementor-section-content-bottom elementor-section-boxed elementor-section-height-default elementor-section-height-default\" data-id=\"2bcf1c2\" data-element_type=\"section\" data-e-type=\"section\" data-settings=\"{&quot;stretch_section&quot;:&quot;section-stretched&quot;,&quot;background_background&quot;:&quot;classic&quot;}\">\n\t\t\t\t\t\t<div class=\"elementor-container elementor-column-gap-no\">\n\t\t\t\t\t<div class=\"elementor-column elementor-col-16 elementor-top-column elementor-element elementor-element-90d8e39 animated-fast elementor-invisible\" data-id=\"90d8e39\" data-element_type=\"column\" data-e-type=\"column\" data-settings=\"{&quot;animation&quot;:&quot;opal-move-up&quot;}\">\n\t\t\t<div class=\"elementor-widget-wrap elementor-element-populated\">\n\t\t\t\t\t\t<div class=\"elementor-element elementor-element-112be55 elementor-widget__width-initial elementor-widget elementor-widget-poco-product-categories\" data-id=\"112be55\" data-element_type=\"widget\" data-e-type=\"widget\" data-widget_type=\"poco-product-categories.default\">\n\t\t\t\t<div class=\"elementor-widget-container\">\n\t\t\t\t\t\n            <div class=\"product-cat\">\n                <div class=\"cat-image\">\n                    <a class=\"link_category_product\" href=\"https:\/\/new-eschillhadas.eschillhadas.es\/en\/product-category\/salsas-y-cremas\/\" title=\"Sauces and creams\">\n                        <img decoding=\"async\" src=\"https:\/\/new-eschillhadas.eschillhadas.es\/wp-content\/uploads\/2026\/02\/salsaverdejalapenos-150x150-1.jpg\" alt=\"Salsas y cremas\">\n                    <\/a>\n                    <div class=\"product-cat-caption\">\n                        <div class=\"cat-title\">\n                            <a href=\"https:\/\/new-eschillhadas.eschillhadas.es\/en\/product-category\/salsas-y-cremas\/\" title=\"Sauces and creams\">\n                                <span class=\"cats-title-text\">Salsas y Cremas<\/span>\n                            <\/a>\n                            <div class=\"cat-total\">15<\/div>\n                        <\/div>\n\n                    <\/div>\n                <\/div>\n            <\/div>\n            \t\t\t\t<\/div>\n\t\t\t\t<\/div>\n\t\t\t\t\t<\/div>\n\t\t<\/div>\n\t\t\t\t<div class=\"elementor-column elementor-col-16 elementor-top-column elementor-element elementor-element-647483c animated-fast elementor-invisible\" data-id=\"647483c\" data-element_type=\"column\" data-e-type=\"column\" data-settings=\"{&quot;animation&quot;:&quot;opal-move-up&quot;,&quot;animation_delay&quot;:50}\">\n\t\t\t<div class=\"elementor-widget-wrap elementor-element-populated\">\n\t\t\t\t\t\t<div class=\"elementor-element elementor-element-39ac049 elementor-widget elementor-widget-poco-product-categories\" data-id=\"39ac049\" data-element_type=\"widget\" data-e-type=\"widget\" data-widget_type=\"poco-product-categories.default\">\n\t\t\t\t<div class=\"elementor-widget-container\">\n\t\t\t\t\t\n            <div class=\"product-cat\">\n                <div class=\"cat-image\">\n                    <a class=\"link_category_product\" href=\"https:\/\/new-eschillhadas.eschillhadas.es\/en\/product-category\/botana\/\" title=\"Snack\">\n                        <img decoding=\"async\" src=\"https:\/\/new-eschillhadas.eschillhadas.es\/wp-content\/uploads\/2026\/02\/Tacospollochipotle-150x150-1.jpg\" alt=\"Botana\">\n                    <\/a>\n                    <div class=\"product-cat-caption\">\n                        <div class=\"cat-title\">\n                            <a href=\"https:\/\/new-eschillhadas.eschillhadas.es\/en\/product-category\/botana\/\" title=\"Snack\">\n                                <span class=\"cats-title-text\">Snack<\/span>\n                            <\/a>\n                            <div class=\"cat-total\">34<\/div>\n                        <\/div>\n\n                    <\/div>\n                <\/div>\n            <\/div>\n            \t\t\t\t<\/div>\n\t\t\t\t<\/div>\n\t\t\t\t\t<\/div>\n\t\t<\/div>\n\t\t\t\t<div class=\"elementor-column elementor-col-16 elementor-top-column elementor-element elementor-element-7769185 animated-fast elementor-invisible\" data-id=\"7769185\" data-element_type=\"column\" data-e-type=\"column\" data-settings=\"{&quot;animation&quot;:&quot;opal-move-up&quot;,&quot;animation_delay&quot;:100}\">\n\t\t\t<div class=\"elementor-widget-wrap elementor-element-populated\">\n\t\t\t\t\t\t<div class=\"elementor-element elementor-element-c0f01d1 elementor-widget elementor-widget-poco-product-categories\" data-id=\"c0f01d1\" data-element_type=\"widget\" data-e-type=\"widget\" data-widget_type=\"poco-product-categories.default\">\n\t\t\t\t<div class=\"elementor-widget-container\">\n\t\t\t\t\t\n            <div class=\"product-cat\">\n                <div class=\"cat-image\">\n                    <a class=\"link_category_product\" href=\"https:\/\/new-eschillhadas.eschillhadas.es\/en\/product-category\/croquetas\/\" title=\"Croquettes\">\n                        <img decoding=\"async\" src=\"https:\/\/new-eschillhadas.eschillhadas.es\/wp-content\/uploads\/2026\/02\/Croquetas-de-Pollo-Chipotle-150x150-1.jpg\" alt=\"Croquetas\">\n                    <\/a>\n                    <div class=\"product-cat-caption\">\n                        <div class=\"cat-title\">\n                            <a href=\"https:\/\/new-eschillhadas.eschillhadas.es\/en\/product-category\/croquetas\/\" title=\"Croquettes\">\n                                <span class=\"cats-title-text\">Croquettes<\/span>\n                            <\/a>\n                            <div class=\"cat-total\">17<\/div>\n                        <\/div>\n\n                    <\/div>\n                <\/div>\n            <\/div>\n            \t\t\t\t<\/div>\n\t\t\t\t<\/div>\n\t\t\t\t\t<\/div>\n\t\t<\/div>\n\t\t\t\t<div class=\"elementor-column elementor-col-16 elementor-top-column elementor-element elementor-element-2ad2673 animated-fast elementor-invisible\" data-id=\"2ad2673\" data-element_type=\"column\" data-e-type=\"column\" data-settings=\"{&quot;animation&quot;:&quot;opal-move-up&quot;,&quot;animation_delay&quot;:150}\">\n\t\t\t<div class=\"elementor-widget-wrap elementor-element-populated\">\n\t\t\t\t\t\t<div class=\"elementor-element elementor-element-3e99d3a elementor-widget elementor-widget-poco-product-categories\" data-id=\"3e99d3a\" data-element_type=\"widget\" data-e-type=\"widget\" data-widget_type=\"poco-product-categories.default\">\n\t\t\t\t<div class=\"elementor-widget-container\">\n\t\t\t\t\t\n            <div class=\"product-cat\">\n                <div class=\"cat-image\">\n                    <a class=\"link_category_product\" href=\"https:\/\/new-eschillhadas.eschillhadas.es\/en\/product-category\/cuchara\/\" title=\"Stews and soups\">\n                        <img decoding=\"async\" src=\"https:\/\/new-eschillhadas.eschillhadas.es\/wp-content\/uploads\/2026\/02\/Sopa-de-Marisco-150x150-1.jpg\" alt=\"Cuchara\">\n                    <\/a>\n                    <div class=\"product-cat-caption\">\n                        <div class=\"cat-title\">\n                            <a href=\"https:\/\/new-eschillhadas.eschillhadas.es\/en\/product-category\/cuchara\/\" title=\"Stews and soups\">\n                                <span class=\"cats-title-text\">Stews and soups<\/span>\n                            <\/a>\n                            <div class=\"cat-total\">18<\/div>\n                        <\/div>\n\n                    <\/div>\n                <\/div>\n            <\/div>\n            \t\t\t\t<\/div>\n\t\t\t\t<\/div>\n\t\t\t\t\t<\/div>\n\t\t<\/div>\n\t\t\t\t<div class=\"elementor-column elementor-col-16 elementor-top-column elementor-element elementor-element-cc968fb animated-fast elementor-invisible\" data-id=\"cc968fb\" data-element_type=\"column\" data-e-type=\"column\" data-settings=\"{&quot;animation&quot;:&quot;opal-move-up&quot;,&quot;animation_delay&quot;:200}\">\n\t\t\t<div class=\"elementor-widget-wrap elementor-element-populated\">\n\t\t\t\t\t\t<div class=\"elementor-element elementor-element-de79125 elementor-widget elementor-widget-poco-product-categories\" data-id=\"de79125\" data-element_type=\"widget\" data-e-type=\"widget\" data-widget_type=\"poco-product-categories.default\">\n\t\t\t\t<div class=\"elementor-widget-container\">\n\t\t\t\t\t\n            <div class=\"product-cat\">\n                <div class=\"cat-image\">\n                    <a class=\"link_category_product\" href=\"https:\/\/new-eschillhadas.eschillhadas.es\/en\/product-category\/tenedor-y-cuchillo\/\" title=\"Knife and fork meal\">\n                        <img decoding=\"async\" src=\"https:\/\/new-eschillhadas.eschillhadas.es\/wp-content\/uploads\/2026\/02\/Enchiladas-150x150-1.jpg\" alt=\"Tenedor y Cuchillo\">\n                    <\/a>\n                    <div class=\"product-cat-caption\">\n                        <div class=\"cat-title\">\n                            <a href=\"https:\/\/new-eschillhadas.eschillhadas.es\/en\/product-category\/tenedor-y-cuchillo\/\" title=\"Knife and fork meal\">\n                                <span class=\"cats-title-text\">Knife and fork meal<\/span>\n                            <\/a>\n                            <div class=\"cat-total\">19<\/div>\n                        <\/div>\n\n                    <\/div>\n                <\/div>\n            <\/div>\n            \t\t\t\t<\/div>\n\t\t\t\t<\/div>\n\t\t\t\t\t<\/div>\n\t\t<\/div>\n\t\t\t\t<div class=\"elementor-column elementor-col-16 elementor-top-column elementor-element elementor-element-7df9dad animated-fast elementor-invisible\" data-id=\"7df9dad\" data-element_type=\"column\" data-e-type=\"column\" data-settings=\"{&quot;animation&quot;:&quot;opal-move-up&quot;,&quot;animation_delay&quot;:250}\">\n\t\t\t<div class=\"elementor-widget-wrap elementor-element-populated\">\n\t\t\t\t\t\t<div class=\"elementor-element elementor-element-1d024d7 elementor-widget elementor-widget-poco-product-categories\" data-id=\"1d024d7\" data-element_type=\"widget\" data-e-type=\"widget\" data-widget_type=\"poco-product-categories.default\">\n\t\t\t\t<div class=\"elementor-widget-container\">\n\t\t\t\t\t\n            <div class=\"product-cat\">\n                <div class=\"cat-image\">\n                    <a class=\"link_category_product\" href=\"https:\/\/new-eschillhadas.eschillhadas.es\/en\/product-category\/postres\/\" title=\"Dessert\">\n                        <img decoding=\"async\" src=\"https:\/\/new-eschillhadas.eschillhadas.es\/wp-content\/uploads\/2026\/02\/delicious-lemon-cheesecake-decorated-with-lemon-sl-2026-01-08-08-10-01-utc-1-150x150.jpg\" alt=\"Postres\">\n                    <\/a>\n                    <div class=\"product-cat-caption\">\n                        <div class=\"cat-title\">\n                            <a href=\"https:\/\/new-eschillhadas.eschillhadas.es\/en\/product-category\/postres\/\" title=\"Dessert\">\n                                <span class=\"cats-title-text\">Dessert<\/span>\n                            <\/a>\n                            <div class=\"cat-total\">4<\/div>\n                        <\/div>\n\n                    <\/div>\n                <\/div>\n            <\/div>\n            \t\t\t\t<\/div>\n\t\t\t\t<\/div>\n\t\t\t\t\t<\/div>\n\t\t<\/div>\n\t\t\t\t\t<\/div>\n\t\t<\/div>\n\t\t\t\t<div class=\"elementor-section elementor-top-section elementor-element elementor-element-de17b53 elementor-section-stretched elementor-section-boxed elementor-section-height-default elementor-section-height-default\" data-id=\"de17b53\" data-element_type=\"section\" data-e-type=\"section\" data-settings=\"{&quot;stretch_section&quot;:&quot;section-stretched&quot;,&quot;background_background&quot;:&quot;classic&quot;}\">\n\t\t\t\t\t\t<div class=\"elementor-container elementor-column-gap-no\">\n\t\t\t\t\t<div class=\"elementor-column elementor-col-100 elementor-top-column elementor-element elementor-element-dd90ecc\" data-id=\"dd90ecc\" data-element_type=\"column\" data-e-type=\"column\">\n\t\t\t<div class=\"elementor-widget-wrap elementor-element-populated\">\n\t\t\t\t\t\t<div class=\"elementor-element elementor-element-fc078b7 elementor-widget__width-initial elementor-widget elementor-widget-heading\" data-id=\"fc078b7\" data-element_type=\"widget\" data-e-type=\"widget\" data-widget_type=\"heading.default\">\n\t\t\t\t\t<h1 class=\"elementor-heading-title elementor-size-default\">Where the authentic flavor lives<\/h1>\t\t\t\t<\/div>\n\t\t\t\t<div class=\"elementor-element elementor-element-cac2a6f elementor-align-center elementor-widget elementor-widget-button\" data-id=\"cac2a6f\" data-element_type=\"widget\" data-e-type=\"widget\" data-widget_type=\"button.default\">\n\t\t\t\t\t\t\t\t\t\t<a class=\"elementor-button elementor-button-link elementor-size-sm\" href=\"\/en\/page\/shop\/\">\n\t\t\t\t\t\t<span class=\"elementor-button-content-wrapper\">\n\t\t\t\t\t\t\t\t\t<span class=\"elementor-button-text\">Our products<\/span>\n\t\t\t\t\t<\/span>\n\t\t\t\t\t<\/a>\n\t\t\t\t\t\t\t\t<\/div>\n\t\t\t\t\t<\/div>\n\t\t<\/div>\n\t\t\t\t\t<\/div>\n\t\t<\/div>\n\t\t\t\t<\/div>","protected":false},"excerpt":{"rendered":"<p>Los mejores y aut\u00e9nticos chiles mejicanos y las mejores verduras, de nuestro campo de Cartagena M\u00e9xico no es solo lindo para la vista, sino que es un aut\u00e9ntico festival para el paladar. Pide Ahora menus Salsas y Cremas 15 Botana 34 Croquetas 17 Cuchara 18 Tenedor y Cuchillo 19 Postres 4 Donde vive el aut\u00e9ntico [&hellip;]<\/p>\n","protected":false},"author":1,"featured_media":0,"parent":0,"menu_order":0,"comment_status":"closed","ping_status":"closed","template":"template-homepage.php","meta":{"_joinchat":[],"footnotes":""},"class_list":["post-416","page","type-page","status-publish","hentry"],"_links":{"self":[{"href":"https:\/\/new-eschillhadas.eschillhadas.es\/en\/wp-json\/wp\/v2\/pages\/416","targetHints":{"allow":["GET"]}}],"collection":[{"href":"https:\/\/new-eschillhadas.eschillhadas.es\/en\/wp-json\/wp\/v2\/pages"}],"about":[{"href":"https:\/\/new-eschillhadas.eschillhadas.es\/en\/wp-json\/wp\/v2\/types\/page"}],"author":[{"embeddable":true,"href":"https:\/\/new-eschillhadas.eschillhadas.es\/en\/wp-json\/wp\/v2\/users\/1"}],"replies":[{"embeddable":true,"href":"https:\/\/new-eschillhadas.eschillhadas.es\/en\/wp-json\/wp\/v2\/comments?post=416"}],"version-history":[{"count":10,"href":"https:\/\/new-eschillhadas.eschillhadas.es\/en\/wp-json\/wp\/v2\/pages\/416\/revisions"}],"predecessor-version":[{"id":6826,"href":"https:\/\/new-eschillhadas.eschillhadas.es\/en\/wp-json\/wp\/v2\/pages\/416\/revisions\/6826"}],"wp:attachment":[{"href":"https:\/\/new-eschillhadas.eschillhadas.es\/en\/wp-json\/wp\/v2\/media?parent=416"}],"curies":[{"name":"wp","href":"https:\/\/api.w.org\/{rel}","templated":true}]}}